{"id":38070,"date":"2019-10-12T17:24:01","date_gmt":"2019-10-12T17:24:01","guid":{"rendered":"https:\/\/centrodeolivaryaceite.com\/?page_id=38070"},"modified":"2019-10-12T17:24:01","modified_gmt":"2019-10-12T17:24:01","slug":"politica-de-cancelacion","status":"publish","type":"page","link":"https:\/\/centrodeolivaryaceite.com\/es\/politica-de-cancelacion\/","title":{"rendered":"Pol\u00edtica de Cancelaci\u00f3n"},"content":{"rendered":"<p>En cumplimiento de los art\u00edculos 22 y 23 de la Ley 17\/2009 del 23 de noviembre sobre el Libre acceso a las Actividades de Servicios y su ejercicio, le comunicamos que usted puede proceder a la REALIZACI\u00d3N \/ <span class=\"fancy-underline\">ANULACI\u00d3N DE SU RESERVA<\/span>, pero en dicho caso, se aplicar\u00edan las siguientes consideraciones:<\/p>\n<p>Para la realizaci\u00f3n de la actividad es necesario el ingreso del 30% del coste total por adelantado en el siguiente n\u00famero de cuenta IBAN ES77-3067-0072-9623-4134-6324 (Caja Rural de Ja\u00e9n). El resto se abonar\u00e1 72h antes de la fecha de realizaci\u00f3n. Desde el momento de la reserva, no hay reembolso del anticipo, en caso de cancelaciones. S\u00f3lo se reembolsa el 100% de los anticipos, en casos de fuerza mayor; por otro lado si desea posponer a una nueva fecha, los anticipos se consideran para la siguiente fecha.<\/p>\n<p>&nbsp;<\/p>\n","protected":false},"excerpt":{"rendered":"<p>En cumplimiento de los art\u00edculos 22 y 23 de la Ley 17\/2009 del 23 de noviembre sobre el Libre acceso a las Actividades de Servicios y su ejercicio, le comunicamos que usted puede proceder a la REALIZACI\u00d3N \/ ANULACI\u00d3N DE SU RESERVA, pero en dicho caso, se aplicar\u00edan las siguientes consideraciones: Para la realizaci\u00f3n de [&hellip;]<\/p>\n","protected":false},"author":1,"featured_media":0,"parent":0,"menu_order":0,"comment_status":"closed","ping_status":"closed","template":"","meta":{"_et_pb_use_builder":"","_et_pb_old_content":"","_et_gb_content_width":"","footnotes":""},"class_list":["post-38070","page","type-page","status-publish","hentry"],"jetpack_sharing_enabled":true,"jetpack_shortlink":"https:\/\/wp.me\/P95A9q-9U2","_links":{"self":[{"href":"https:\/\/centrodeolivaryaceite.com\/es\/wp-json\/wp\/v2\/pages\/38070\/"}],"collection":[{"href":"https:\/\/centrodeolivaryaceite.com\/es\/wp-json\/wp\/v2\/pages\/"}],"about":[{"href":"https:\/\/centrodeolivaryaceite.com\/es\/wp-json\/wp\/v2\/types\/page\/"}],"author":[{"embeddable":true,"href":"https:\/\/centrodeolivaryaceite.com\/es\/wp-json\/wp\/v2\/users\/1\/"}],"replies":[{"embeddable":true,"href":"https:\/\/centrodeolivaryaceite.com\/es\/wp-json\/wp\/v2\/comments\/?post=38070"}],"version-history":[{"count":0,"href":"https:\/\/centrodeolivaryaceite.com\/es\/wp-json\/wp\/v2\/pages\/38070\/revisions\/"}],"wp:attachment":[{"href":"https:\/\/centrodeolivaryaceite.com\/es\/wp-json\/wp\/v2\/media\/?parent=38070"}],"curies":[{"name":"wp","href":"https:\/\/api.w.org\/{rel}","templated":true}]}}